{"id":15489,"date":"2019-11-13T16:39:01","date_gmt":"2019-11-13T16:39:01","guid":{"rendered":"http:\/\/www.lolarossi.net\/?page_id=15489"},"modified":"2026-04-08T16:10:18","modified_gmt":"2026-04-08T16:10:18","slug":"about","status":"publish","type":"page","link":"https:\/\/www.lolarossi.net\/?page_id=15489","title":{"rendered":"about"},"content":{"rendered":"<div  class=\"tatsu-x4enW_QJFo tatsu-section  tatsu-bg-overlay   tatsu-clearfix\" data-title=\"\"  data-headerscheme=\"background--dark\"><div class='tatsu-section-pad clearfix' data-padding='{\"d\":\"50px 0px 90px 0px\"}' data-padding-top='50px'><div class=\"tatsu-row-wrap  tatsu-wrap tatsu-row-has-three-cols tatsu-medium-gutter tatsu-reg-cols  tatsu-clearfix tatsu-o-kRSGm0xq\" ><div  class=\"tatsu-row \" ><div  class=\"tatsu-column  tatsu-bg-overlay tatsu-one-third tatsu-column-image-none tatsu-column-effect-none  tatsu-_ot5XWB5S\"  data-parallax-speed=\"0\" style=\"\"><div class=\"tatsu-column-inner \" ><div class=\"tatsu-column-pad-wrap\"><div class=\"tatsu-column-pad\" ><div  class=\"tatsu-single-image tatsu-module align-right tatsu-image-lazyload tatsu-zzO9VBOAp  \" ><div class=\"tatsu-single-image-inner \" style=\"width : 1911px;\" ><div class = \"tatsu-single-image-padding-wrap\" style = \"padding-bottom : 133.96127681842%;\" ><\/div><img class = \"tatsu-gradient-border\" alt = \"\" title = \"PHOTO_Retouched &#8211; Portrait\" data-src = \"https:\/\/www.lolarossi.net\/wp-content\/uploads\/2026\/04\/PHOTO_Retouched-Portrait-scaled.jpg\" src =\"data:image\/png;base64,iVBORw0KGgoAAAANSUhEUgAAAAEAAAABCAQAAAC1HAwCAAAAC0lEQVR42mNkYAAAAAYAAjCB0C8AAAAASUVORK5CYII=\"  \/><\/div><style>.tatsu-zzO9VBOAp{margin: 35px 0px 10px 0px;}.tatsu-zzO9VBOAp .tatsu-single-image-inner{border-style: solid;max-width: 74%;}.tatsu-zzO9VBOAp.tatsu-single-image{transform: translate3d(0px,0px, 0);}<\/style><\/div><div  class=\"tatsu-module tatsu-text-block-wrap tatsu-OwWAcde1u  \"><div class=\"tatsu-text-inner tatsu-align-right  clearfix\" ><style>.tatsu-OwWAcde1u.tatsu-text-block-wrap .tatsu-text-inner{width: 100%;text-align: right;}<\/style>\n<p>R\u00e9sidente au <a href=\"https:\/\/www.le6b.fr\/\">6b<\/a><br \/><span style=\"font-size: 8pt;\">6-10 Quai de Seine, 93200 Saint-Denis<\/span><br \/>contact@lolarossi.fr<\/p>\n<p><strong><a href=\"https:\/\/www.imdb.com\/name\/nm8261860\/\">imdb<\/a><\/strong><\/p>\n<\/div><\/div><\/div><\/div><div class = \"tatsu-column-bg-image-wrap\"><div class = \"tatsu-column-bg-image\" ><\/div><\/div><div class=\"tatsu-overlay tatsu-column-overlay tatsu-animate-none\" ><\/div><\/div><style>.tatsu-row > .tatsu-_ot5XWB5S.tatsu-column{width: 33.33%;}.tatsu-_ot5XWB5S.tatsu-column > .tatsu-column-inner > .tatsu-column-overlay{mix-blend-mode: normal;}.tatsu-_ot5XWB5S > .tatsu-column-inner > .tatsu-top-divider{z-index: 9999;}.tatsu-_ot5XWB5S > .tatsu-column-inner > .tatsu-bottom-divider{z-index: 9999;}.tatsu-_ot5XWB5S > .tatsu-column-inner > .tatsu-left-divider{z-index: 9999;}.tatsu-_ot5XWB5S > .tatsu-column-inner > .tatsu-right-divider{z-index: 9999;}@media only screen and (max-width:1377px) {.tatsu-row > .tatsu-_ot5XWB5S.tatsu-column{width: 33.33%;}}@media only screen and (min-width:768px) and (max-width: 1024px) {.tatsu-row > .tatsu-_ot5XWB5S.tatsu-column{width: 33.33%;}}@media only screen and (max-width: 767px) {.tatsu-row > .tatsu-_ot5XWB5S.tatsu-column{width: 100%;}}<\/style><\/div><div  class=\"tatsu-column  tatsu-bg-overlay tatsu-one-third tatsu-column-image-none tatsu-column-effect-none  tatsu-Za5z-vsm26\"  data-parallax-speed=\"0\" style=\"\"><div class=\"tatsu-column-inner \" ><div class=\"tatsu-column-pad-wrap\"><div class=\"tatsu-column-pad\" ><div  class=\"tatsu-module tatsu-inline-text clearfix tatsu-EdcQpBKnL   \" ><style>.tatsu-EdcQpBKnL .tatsu-inline-text-inner{width: 100%;text-align: left;}.tatsu-EdcQpBKnL.tatsu-inline-text{margin: 0px 0px 0px 0px;}@media only screen and (max-width: 767px) {.tatsu-EdcQpBKnL .tatsu-inline-text-inner{width: 100%;}}<\/style><div class=\"tatsu-inline-text-inner tatsu-align-center\">\n<h4 style=\"text-align: left;\"><em style=\"font-size: 24px;\">\u00e0 propos_<strong style=\"font-size: 24px;\"><br \/><\/strong><\/em><\/h4>\n<\/div><\/div><div  class=\"tatsu-module tatsu-text-block-wrap tatsu-rJ0veVTP0  \"><div class=\"tatsu-text-inner tatsu-align-center  clearfix\" ><style>.tatsu-rJ0veVTP0.tatsu-text-block-wrap .tatsu-text-inner{width: 100%;text-align: left;}<\/style>\n<p><span style=\"font-weight: 400;\">Lola Rossi (1995) est une artiste dont la pratique se situe \u00e0 l&rsquo;intersection des sciences cognitives, de l&rsquo;installation immersive et des supports d\u2019images. \u00c0 travers des dispositifs sensoriels &#8211; installations, VJ live, exp\u00e9riences de biofeedback &#8211; elle explore les \u00e9tats modifi\u00e9s de conscience dans une approche cyberf\u00e9ministe : transe, attention flottante, boucles perceptives o\u00f9 la technologie ne contr\u00f4le pas mais accompagne.<\/span><\/p>\n<p><span style=\"font-weight: 400;\">Ses projets articulent capteurs, actuateurs et processus physiques pour cr\u00e9er des espaces o\u00f9 la donn\u00e9e ne quantifie pas mais transforme. Elle revendique une r\u00e9appropriation de l&rsquo;IA par l&rsquo;exp\u00e9rience sensible et incarn\u00e9e, cr\u00e9ant des dispositifs perceptuels au service de la contemplation et de l&rsquo;\u00e9largissement de la conscience plut\u00f4t que de la capture attentionnelle.<\/span><\/p>\n<p><span style=\"font-weight: 400;\">Pendant dix ans, elle a pratiqu\u00e9 la photographie plasticienne, documentant les sc\u00e8nes musicales marseillaises, berlinoises et londoniennes, dans une approche \u00e9largie accompagn\u00e9e de films relevant d&rsquo;un cin\u00e9ma de chambre. Son travail a \u00e9t\u00e9 soutenu par des institutions telles que l&rsquo;UNESCO, le Centre des Arts d&rsquo;Enghien-les-Bains, le festival acces(s) et ZERO1.<\/span><\/p>\n<p><span style=\"font-weight: 400;\">Titulaire d&rsquo;un master en r\u00e9alisation num\u00e9rique (ARTFX), elle allie ma\u00eetrise technique &#8211; code, 3D, compositing, art g\u00e9n\u00e9ratif &#8211; et recherche artistique. Elle enseigne la th\u00e9orie de l&rsquo;image et les arts num\u00e9riques dans l&rsquo;enseignement sup\u00e9rieur. Sa pratique s&rsquo;inscrit dans une d\u00e9marche de recherche-cr\u00e9ation qu&rsquo;elle poursuit avec lae chercheur\u00b7se et designer Hugo Scurto (IRCAM) et le Dr Audrey Breton (Trance Science Research Center) autour des \u00e9tats modifi\u00e9s de conscience. Son atelier est situ\u00e9 au 6b \u00e0 Saint-Denis.<\/span><\/p>\n<p class=\"p1\">\n<\/div><\/div><div  class=\"tatsu-module tatsu-divider-wrap  tatsu-g-zC3r-0g   \"  ><style>.tatsu-g-zC3r-0g .tatsu-divider{height: 1px;width: 100%;background: #efefef;}.tatsu-g-zC3r-0g.tatsu-divider-wrap{text-align: left;}<\/style><hr class=\"tatsu-divider\"\/><\/div><\/div><\/div><div class = \"tatsu-column-bg-image-wrap\"><div class = \"tatsu-column-bg-image\" ><\/div><\/div><div class=\"tatsu-overlay tatsu-column-overlay tatsu-animate-none\" ><\/div><\/div><style>.tatsu-row > .tatsu-Za5z-vsm26.tatsu-column{width: 33.33%;}.tatsu-Za5z-vsm26.tatsu-column > .tatsu-column-inner > .tatsu-column-overlay{mix-blend-mode: normal;}.tatsu-Za5z-vsm26 > .tatsu-column-inner > .tatsu-top-divider{z-index: 9999;}.tatsu-Za5z-vsm26 > .tatsu-column-inner > .tatsu-bottom-divider{z-index: 9999;}.tatsu-Za5z-vsm26 > .tatsu-column-inner > .tatsu-left-divider{z-index: 9999;}.tatsu-Za5z-vsm26 > .tatsu-column-inner > .tatsu-right-divider{z-index: 9999;}@media only screen and (max-width:1377px) {.tatsu-row > .tatsu-Za5z-vsm26.tatsu-column{width: 33.33%;}}@media only screen and (min-width:768px) and (max-width: 1024px) {.tatsu-row > .tatsu-Za5z-vsm26.tatsu-column{width: 33.33%;}}@media only screen and (max-width: 767px) {.tatsu-row > .tatsu-Za5z-vsm26.tatsu-column{width: 100%;}}<\/style><\/div><div  class=\"tatsu-column  tatsu-bg-overlay tatsu-one-third tatsu-column-image-none tatsu-column-effect-none  tatsu-BJ-jsFvPWge\"  data-parallax-speed=\"0\" style=\"\"><div class=\"tatsu-column-inner \" ><div class=\"tatsu-column-pad-wrap\"><div class=\"tatsu-column-pad\" ><div  class=\"tatsu-module tatsu-text-block-wrap tatsu-BkXS3J8wR  \"><div class=\"tatsu-text-inner tatsu-align-center  clearfix\" ><style>.tatsu-BkXS3J8wR.tatsu-text-block-wrap .tatsu-text-inner{width: 100%;text-align: left;}<\/style>\n<h5>S\u00e9lection d\u2019expositions<\/h5>\n<p class=\"p3\"><span class=\"s2\"><span style=\"color: #0000ff;\"><b>Festival ZERO1, <\/b>La Rochelle (mars 2026)<\/span> <b>\u2022 Intelligences Artistiques, <\/b>access festival, Le Bel Ordinaire, Pau, FR (<strong>octobre<\/strong><b> 2025) \u2022 The Gathering<\/b><\/span>, Hamar, Norv\u00e8ge (avril 2025) \u2022 <span class=\"s2\"><b>Humanit\u00e9s Augment\u00e9es<\/b><\/span>, Bains Num\u00e9riques, Paris, FR (2024) \u2022 <span class=\"s2\"><b>Imaginary Mappings<\/b><\/span>, Conf\u00e9rence UNESCO Creative Cities, Santos, BR (2022) \u2022 <span class=\"s2\"><b>Braga Media Arts<\/b><\/span>, Braga, PT (2022) \u2022 <span class=\"s2\"><b>Young Berlin<\/b><\/span>, SoHo House, Berlin, DE (Curated by Girls, 2019) \u2022 <span class=\"s2\"><b>Straight Support Queer Identity SS19<\/b><\/span>, St Georg, Berlin, DE (Curated by Girls &#038; Kaltblut Magazine, 2019) \u2022 <span class=\"s2\"><b>The Woman in Me<\/b><\/span>, The Ballery, Berlin, DE (2019) \u2022 <span class=\"s2\"><b>Identity and Feminity<\/b><\/span>, Griessmuehle, Berlin, DE (Art bei Ton, 2019) \u2022 <span class=\"s2\"><b>Sleepless Nights<\/b><\/span>, 19:28, Berlin, DE (exposition solo, 2018) \u2022 <span class=\"s2\"><b>CineGlobe Film Festival<\/b><\/span>, Suisse (2018) \u2022 <span class=\"s2\"><b>The Rookies<\/b><\/span>, Best Photographer, Runner-Up (2018) \u2022 <span class=\"s2\"><b>Urban Spree<\/b><\/span>, Berlin, DE (Art bei Ton, 2017) \u2022 <span class=\"s2\"><b>Studio Baustelle<\/b><\/span>, Berlin, DE (2017) \u2022 <span class=\"s2\"><b>FFF Film Festival<\/b><\/span>, Su\u00e8de (2017) \u2022 <span class=\"s2\"><b>Motion Festival<\/b><\/span>, Chypre (2017) \u2022 <span class=\"s2\"><b>Dublin Sci-Fi Festival<\/b><\/span>, Irlande (2017) \u2022 <span class=\"s2\"><b>Paris Festival Court-Devant<\/b><\/span>, Paris, FR (2017) \u2022 <span class=\"s2\"><b>Cercle OPAC<\/b><\/span>, Bruxelles, BE (2016)<\/p>\n<hr \/>\n<h4>Presse<\/h4>\n<p class=\"p3\"><span class=\"s2\"><b>New Noise Magazine<\/b><\/span>, \u00ab Verset Zero \u00bb (\u00e9ditorial imprim\u00e9, 2020) \u2022 <span class=\"s2\"><b>Lola Magazine<\/b><\/span>, \u00ab Why Girls Curates \u00bb (\u00e9ditorial imprim\u00e9, 2019) \u2022 <span class=\"s2\"><b>InSpades Magazine<\/b><\/span>, <i>Memories on Film<\/i> (interview imprim\u00e9e, 2019) \u2022 <span class=\"s2\"><b>Lola Magazine<\/b><\/span>, <i>Issue Seven<\/i> (\u00e9ditorial imprim\u00e9, 2019) \u2022 <span class=\"s2\"><b>Dark Beauty Magazine<\/b><\/span>, <i>Issue 3.18<\/i> (\u00e9ditorial) \u2022 <span class=\"s2\"><b>Longueurs d\u2019Ondes<\/b><\/span>, n\u00b091 (\u00e9ditorial imprim\u00e9) \u2022 <span class=\"s2\"><b>Kaltblut Magazine<\/b><\/span>, \u00ab Art bei Ton \u00bb (\u00e9ditorial, 2018) \u2022 <span class=\"s2\"><b>Lomography<\/b><\/span>, \u00ab Instant Portraits by Lola Rossi \u00bb (Curated by Girls, 2017)<\/p>\n<hr \/>\n<h4>Ateliers et interventions<\/h4>\n<p class=\"p3\"><span class=\"s2\"><b>Artiste-enseignante<\/b><\/span> : Catalyst, Berlin, DE (2024) \u2022 ARTFX, Paris (2020\u20132024) \u2022 Digital Campus (2022) \u2022 <span class=\"s2\"><b>Responsable de production<\/b><\/span> : films de fin d\u2019\u00e9tudes, ARTFX Paris (2022\u20132023)<\/p>\n<p class=\"p3\"><span class=\"s2\"><b>Ateliers et cr\u00e9ations collectives<\/b><\/span> : <i>Quand l\u2019IA donne vie \u00e0 nos r\u00eaves<\/i>, Festival Bains Num\u00e9riques (2024) \u2022 <i>Dream Via AI<\/i>, Centre des Arts d\u2019Enghien-les-Bains (2023) \u2022 <i>Circles<\/i>, Centre des Arts d\u2019Enghien-les-Bains (2023) \u2022 <i>Cartographies Imaginaires<\/i>, Saison France-Portugal, r\u00e9seau UNESCO &#038; Braga Media Arts (2022)<\/p>\n<\/div><\/div><\/div><\/div><div class = \"tatsu-column-bg-image-wrap\"><div class = \"tatsu-column-bg-image\" ><\/div><\/div><div class=\"tatsu-overlay tatsu-column-overlay tatsu-animate-none\" ><\/div><\/div><style>.tatsu-row > .tatsu-BJ-jsFvPWge.tatsu-column{width: 33.33%;}.tatsu-BJ-jsFvPWge.tatsu-column > .tatsu-column-inner > .tatsu-column-overlay{mix-blend-mode: normal;}.tatsu-BJ-jsFvPWge > .tatsu-column-inner > .tatsu-top-divider{z-index: 9999;}.tatsu-BJ-jsFvPWge > .tatsu-column-inner > .tatsu-bottom-divider{z-index: 9999;}.tatsu-BJ-jsFvPWge > .tatsu-column-inner > .tatsu-left-divider{z-index: 9999;}.tatsu-BJ-jsFvPWge > .tatsu-column-inner > .tatsu-right-divider{z-index: 9999;}@media only screen and (max-width:1377px) {.tatsu-row > .tatsu-BJ-jsFvPWge.tatsu-column{width: 33.33%;}}@media only screen and (min-width:768px) and (max-width: 1024px) {.tatsu-row > .tatsu-BJ-jsFvPWge.tatsu-column{width: 33.33%;}}@media only screen and (max-width: 767px) {.tatsu-row > .tatsu-BJ-jsFvPWge.tatsu-column{width: 100%;}}<\/style><\/div><\/div><\/div><\/div><div class=\"tatsu-section-background-wrap\"><div class = \"tatsu-section-background\" ><\/div><\/div><div class=\"tatsu-overlay tatsu-section-overlay\"><\/div><style>.tatsu-x4enW_QJFo .tatsu-section-pad{padding: 50px 0px 90px 0px;}.tatsu-x4enW_QJFo .tatsu-section-offset-wrap{transform: translateY(-0px);}.tatsu-x4enW_QJFo > .tatsu-bottom-divider{z-index: 9999;}.tatsu-x4enW_QJFo > .tatsu-top-divider{z-index: 9999;}.tatsu-x4enW_QJFo .tatsu-section-overlay{mix-blend-mode: normal;}<\/style><\/div>\n","protected":false},"excerpt":{"rendered":"<p><a href=\"https:\/\/www.lolarossi.net\/?page_id=15489\" class=\"more-link style1-button\">Read More<\/a><\/p>","protected":false},"author":1,"featured_media":0,"parent":0,"menu_order":0,"comment_status":"closed","ping_status":"closed","template":"","meta":{"footnotes":"","_links_to":"","_links_to_target":""},"class_list":["post-15489","page","type-page","status-publish","hentry"],"yoast_head":"<!-- This site is optimized with the Yoast SEO plugin v19.14 - https:\/\/yoast.com\/wordpress\/plugins\/seo\/ -->\n<title>about - Lola Rossi<\/title>\n<meta name=\"robots\" content=\"index, follow, max-snippet:-1, max-image-preview:large, max-video-preview:-1\" \/>\n<link rel=\"canonical\" href=\"https:\/\/www.lolarossi.net\/?page_id=15489\" \/>\n<meta property=\"og:locale\" content=\"fr_FR\" \/>\n<meta property=\"og:type\" content=\"article\" \/>\n<meta property=\"og:title\" content=\"about - Lola Rossi\" \/>\n<meta property=\"og:url\" content=\"https:\/\/www.lolarossi.net\/?page_id=15489\" \/>\n<meta property=\"og:site_name\" content=\"Lola Rossi\" \/>\n<meta property=\"article:publisher\" content=\"https:\/\/www.facebook.com\/lola.rossi.photo\/\" \/>\n<meta property=\"article:modified_time\" content=\"2026-04-08T16:10:18+00:00\" \/>\n<meta name=\"twitter:card\" content=\"summary_large_image\" \/>\n<meta name=\"twitter:label1\" content=\"Dur\u00e9e de lecture estim\u00e9e\" \/>\n\t<meta name=\"twitter:data1\" content=\"10 minutes\" \/>\n<script type=\"application\/ld+json\" class=\"yoast-schema-graph\">{\"@context\":\"https:\/\/schema.org\",\"@graph\":[{\"@type\":\"WebPage\",\"@id\":\"https:\/\/www.lolarossi.net\/?page_id=15489\",\"url\":\"https:\/\/www.lolarossi.net\/?page_id=15489\",\"name\":\"about - Lola Rossi\",\"isPartOf\":{\"@id\":\"https:\/\/www.lolarossi.net\/#website\"},\"datePublished\":\"2019-11-13T16:39:01+00:00\",\"dateModified\":\"2026-04-08T16:10:18+00:00\",\"breadcrumb\":{\"@id\":\"https:\/\/www.lolarossi.net\/?page_id=15489#breadcrumb\"},\"inLanguage\":\"fr-FR\",\"potentialAction\":[{\"@type\":\"ReadAction\",\"target\":[\"https:\/\/www.lolarossi.net\/?page_id=15489\"]}]},{\"@type\":\"BreadcrumbList\",\"@id\":\"https:\/\/www.lolarossi.net\/?page_id=15489#breadcrumb\",\"itemListElement\":[{\"@type\":\"ListItem\",\"position\":1,\"name\":\"Accueil\",\"item\":\"https:\/\/www.lolarossi.net\/\"},{\"@type\":\"ListItem\",\"position\":2,\"name\":\"about\"}]},{\"@type\":\"WebSite\",\"@id\":\"https:\/\/www.lolarossi.net\/#website\",\"url\":\"https:\/\/www.lolarossi.net\/\",\"name\":\"Lola Rossi\",\"description\":\"artiste plasticienne\",\"publisher\":{\"@id\":\"https:\/\/www.lolarossi.net\/#\/schema\/person\/45b65fd9958626f1f8866a10f6905e16\"},\"potentialAction\":[{\"@type\":\"SearchAction\",\"target\":{\"@type\":\"EntryPoint\",\"urlTemplate\":\"https:\/\/www.lolarossi.net\/?s={search_term_string}\"},\"query-input\":\"required name=search_term_string\"}],\"inLanguage\":\"fr-FR\"},{\"@type\":[\"Person\",\"Organization\"],\"@id\":\"https:\/\/www.lolarossi.net\/#\/schema\/person\/45b65fd9958626f1f8866a10f6905e16\",\"name\":\"lolarossi\",\"image\":{\"@type\":\"ImageObject\",\"inLanguage\":\"fr-FR\",\"@id\":\"https:\/\/www.lolarossi.net\/#\/schema\/person\/image\/\",\"url\":\"https:\/\/www.lolarossi.net\/wp-content\/uploads\/2022\/07\/9F281A6F-CD6F-4DC6-BEC8-AFD3A169F50E_1_102_o.jpeg\",\"contentUrl\":\"https:\/\/www.lolarossi.net\/wp-content\/uploads\/2022\/07\/9F281A6F-CD6F-4DC6-BEC8-AFD3A169F50E_1_102_o.jpeg\",\"width\":1280,\"height\":720,\"caption\":\"lolarossi\"},\"logo\":{\"@id\":\"https:\/\/www.lolarossi.net\/#\/schema\/person\/image\/\"},\"sameAs\":[\"https:\/\/www.facebook.com\/lola.rossi.photo\/\",\"Http:\/\/www.instagram.com\/lolarossi\",\"https:\/\/www.linkedin.com\/in\/lolarossi\/\"]}]}<\/script>\n<!-- \/ Yoast SEO plugin. -->","yoast_head_json":{"title":"about - Lola Rossi","robots":{"index":"index","follow":"follow","max-snippet":"max-snippet:-1","max-image-preview":"max-image-preview:large","max-video-preview":"max-video-preview:-1"},"canonical":"https:\/\/www.lolarossi.net\/?page_id=15489","og_locale":"fr_FR","og_type":"article","og_title":"about - Lola Rossi","og_url":"https:\/\/www.lolarossi.net\/?page_id=15489","og_site_name":"Lola Rossi","article_publisher":"https:\/\/www.facebook.com\/lola.rossi.photo\/","article_modified_time":"2026-04-08T16:10:18+00:00","twitter_card":"summary_large_image","twitter_misc":{"Dur\u00e9e de lecture estim\u00e9e":"10 minutes"},"schema":{"@context":"https:\/\/schema.org","@graph":[{"@type":"WebPage","@id":"https:\/\/www.lolarossi.net\/?page_id=15489","url":"https:\/\/www.lolarossi.net\/?page_id=15489","name":"about - Lola Rossi","isPartOf":{"@id":"https:\/\/www.lolarossi.net\/#website"},"datePublished":"2019-11-13T16:39:01+00:00","dateModified":"2026-04-08T16:10:18+00:00","breadcrumb":{"@id":"https:\/\/www.lolarossi.net\/?page_id=15489#breadcrumb"},"inLanguage":"fr-FR","potentialAction":[{"@type":"ReadAction","target":["https:\/\/www.lolarossi.net\/?page_id=15489"]}]},{"@type":"BreadcrumbList","@id":"https:\/\/www.lolarossi.net\/?page_id=15489#breadcrumb","itemListElement":[{"@type":"ListItem","position":1,"name":"Accueil","item":"https:\/\/www.lolarossi.net\/"},{"@type":"ListItem","position":2,"name":"about"}]},{"@type":"WebSite","@id":"https:\/\/www.lolarossi.net\/#website","url":"https:\/\/www.lolarossi.net\/","name":"Lola Rossi","description":"artiste plasticienne","publisher":{"@id":"https:\/\/www.lolarossi.net\/#\/schema\/person\/45b65fd9958626f1f8866a10f6905e16"},"potentialAction":[{"@type":"SearchAction","target":{"@type":"EntryPoint","urlTemplate":"https:\/\/www.lolarossi.net\/?s={search_term_string}"},"query-input":"required name=search_term_string"}],"inLanguage":"fr-FR"},{"@type":["Person","Organization"],"@id":"https:\/\/www.lolarossi.net\/#\/schema\/person\/45b65fd9958626f1f8866a10f6905e16","name":"lolarossi","image":{"@type":"ImageObject","inLanguage":"fr-FR","@id":"https:\/\/www.lolarossi.net\/#\/schema\/person\/image\/","url":"https:\/\/www.lolarossi.net\/wp-content\/uploads\/2022\/07\/9F281A6F-CD6F-4DC6-BEC8-AFD3A169F50E_1_102_o.jpeg","contentUrl":"https:\/\/www.lolarossi.net\/wp-content\/uploads\/2022\/07\/9F281A6F-CD6F-4DC6-BEC8-AFD3A169F50E_1_102_o.jpeg","width":1280,"height":720,"caption":"lolarossi"},"logo":{"@id":"https:\/\/www.lolarossi.net\/#\/schema\/person\/image\/"},"sameAs":["https:\/\/www.facebook.com\/lola.rossi.photo\/","Http:\/\/www.instagram.com\/lolarossi","https:\/\/www.linkedin.com\/in\/lolarossi\/"]}]}},"_links":{"self":[{"href":"https:\/\/www.lolarossi.net\/index.php?rest_route=\/wp\/v2\/pages\/15489","targetHints":{"allow":["GET"]}}],"collection":[{"href":"https:\/\/www.lolarossi.net\/index.php?rest_route=\/wp\/v2\/pages"}],"about":[{"href":"https:\/\/www.lolarossi.net\/index.php?rest_route=\/wp\/v2\/types\/page"}],"author":[{"embeddable":true,"href":"https:\/\/www.lolarossi.net\/index.php?rest_route=\/wp\/v2\/users\/1"}],"replies":[{"embeddable":true,"href":"https:\/\/www.lolarossi.net\/index.php?rest_route=%2Fwp%2Fv2%2Fcomments&post=15489"}],"version-history":[{"count":155,"href":"https:\/\/www.lolarossi.net\/index.php?rest_route=\/wp\/v2\/pages\/15489\/revisions"}],"predecessor-version":[{"id":17198,"href":"https:\/\/www.lolarossi.net\/index.php?rest_route=\/wp\/v2\/pages\/15489\/revisions\/17198"}],"wp:attachment":[{"href":"https:\/\/www.lolarossi.net\/index.php?rest_route=%2Fwp%2Fv2%2Fmedia&parent=15489"}],"curies":[{"name":"wp","href":"https:\/\/api.w.org\/{rel}","templated":true}]}}